{"id":4992,"date":"2022-02-24T10:13:58","date_gmt":"2022-02-24T10:13:58","guid":{"rendered":"http:\/\/www.pikdame.io\/dog-sitting\/"},"modified":"2022-02-24T11:43:33","modified_gmt":"2022-02-24T11:43:33","slug":"hotel-para-perros","status":"publish","type":"page","link":"https:\/\/www.pikdame.io\/es\/hotel-para-perros\/","title":{"rendered":"Hotel para perros"},"content":{"rendered":"<div class=\"wpb-content-wrapper\">[vc_row css=\u00bb.vc_custom_1520438889648{margin-right: 45px !important;margin-left: 8px !important;}\u00bb][vc_column css=\u00bb.vc_custom_1493636287297{margin-left: 70px !important;}\u00bb][vc_custom_heading text=\u00bbDog Sitting\u00bb google_fonts=\u00bbfont_family:Droid%20Serif%3Aregular%2Citalic%2C700%2C700italic|font_style:400%20regular%3A400%3Anormal\u00bb][vc_column_text css=\u00bb.vc_custom_1645697810125{margin-right: 105px !important;}\u00bb]Nos encantan los animales, es por eso que ofrecemos la posibilidad de dejar vuestro perro con nosotros. Cuidamos a vuestro perro como si fuera uno de los nuestros. Con un espacio vallado seguro de m\u00e1s de 3000m<sup>2<\/sup>, donde pueda jugar, correr y socializar con otros Pikdame, es el lugar perfecto donde poder dejar a tu mascota hasta tu vuelta.<span class=\"Apple-converted-space\">\u00a0<\/span><\/p>\n<p>Precio empiezan a 25\u20ac iva incluido. Si tienes m\u00e1s de un perro, o est\u00e1s pensando en una larga estancia, ponte en contacto con nosotros escribi\u00e9ndonos a: <a href=\"mailto:info@pikdame.io\"><b>info@pikdame.io<\/b><\/a>[\/vc_column_text][vc_single_image image=\u00bb4279&#8243; img_size=\u00bblarge\u00bb alignment=\u00bbcenter\u00bb][\/vc_column][\/vc_row]\n<\/div>","protected":false},"excerpt":{"rendered":"<p>[vc_row css=\u00bb.vc_custom_1520438889648{margin-right: 45px !important;margin-left: 8px !important;}\u00bb][vc_column css=\u00bb.vc_custom_1493636287297{margin-left: 70px !important;}\u00bb][vc_custom_heading text=\u00bbDog Sitting\u00bb google_fonts=\u00bbfont_family:Droid%20Serif%3Aregular%2Citalic%2C700%2C700italic|font_style:400%20regular%3A400%3Anormal\u00bb][vc_column_text css=\u00bb.vc_custom_1645697810125{margin-right: 105px !important;}\u00bb]Nos encantan los animales, es por eso que ofrecemos la posibilidad de dejar vuestro perro con nosotros. Cuidamos a vuestro perro como si fuera uno de los nuestros. Con un espacio vallado seguro de m\u00e1s de 3000m2, donde pueda jugar, correr y socializar con otros Pikdame, [&hellip;] <a class=\"continue-reading h6 color-primary\" href=\"https:\/\/www.pikdame.io\/es\/hotel-para-perros\/\"><i class=\"fa fa-fw fa-angle-double-right \"><\/i>Continue Reading<\/a><\/p>\n","protected":false},"author":1,"featured_media":0,"parent":0,"menu_order":0,"comment_status":"closed","ping_status":"closed","template":"","meta":{"footnotes":""},"class_list":["post-4992","page","type-page","status-publish","hentry"],"_links":{"self":[{"href":"https:\/\/www.pikdame.io\/es\/wp-json\/wp\/v2\/pages\/4992","targetHints":{"allow":["GET"]}}],"collection":[{"href":"https:\/\/www.pikdame.io\/es\/wp-json\/wp\/v2\/pages"}],"about":[{"href":"https:\/\/www.pikdame.io\/es\/wp-json\/wp\/v2\/types\/page"}],"author":[{"embeddable":true,"href":"https:\/\/www.pikdame.io\/es\/wp-json\/wp\/v2\/users\/1"}],"replies":[{"embeddable":true,"href":"https:\/\/www.pikdame.io\/es\/wp-json\/wp\/v2\/comments?post=4992"}],"version-history":[{"count":2,"href":"https:\/\/www.pikdame.io\/es\/wp-json\/wp\/v2\/pages\/4992\/revisions"}],"predecessor-version":[{"id":6503,"href":"https:\/\/www.pikdame.io\/es\/wp-json\/wp\/v2\/pages\/4992\/revisions\/6503"}],"wp:attachment":[{"href":"https:\/\/www.pikdame.io\/es\/wp-json\/wp\/v2\/media?parent=4992"}],"curies":[{"name":"wp","href":"https:\/\/api.w.org\/{rel}","templated":true}]}}