{"id":4970,"date":"2022-02-22T09:54:24","date_gmt":"2022-02-22T09:54:24","guid":{"rendered":"http:\/\/www.pikdame.io\/voluntering\/"},"modified":"2025-08-27T08:45:28","modified_gmt":"2025-08-27T06:45:28","slug":"voluntariado","status":"publish","type":"page","link":"https:\/\/www.pikdame.io\/es\/voluntariado\/","title":{"rendered":"Voluntariado"},"content":{"rendered":"<div class=\"wpb-content-wrapper\">[vc_row css=\u00bb.vc_custom_1520434928210{margin-right: 70px !important;margin-left: 10px !important;}\u00bb][vc_column css=\u00bb.vc_custom_1493636287297{margin-left: 70px !important;}\u00bb][vc_custom_heading text=\u00bbVoluntariado\u00bb google_fonts=\u00bbfont_family:Droid%20Serif%3Aregular%2Citalic%2C700%2C700italic|font_style:400%20regular%3A400%3Anormal\u00bb][\/vc_column][\/vc_row][vc_row css=\u00bb.vc_custom_1520435059245{margin-top: -25px !important;margin-right: 55px !important;margin-left: 10px !important;}\u00bb][vc_column css=\u00bb.vc_custom_1519918897839{margin-left: 70px !important;border-right-width: 70px !important;padding-right: 100px !important;}\u00bb][vc_images_carousel images=\u00bb4919,4918,4917&#8243; img_size=\u00bb1000&#215;600&#8243; onclick=\u00bblink_no\u00bb speed=\u00bb3000&#8243; autoplay=\u00bbyes\u00bb wrap=\u00bbyes\u00bb][vc_column_text]Nuestro programa de voluntariado es para todos aquellos interesados en aprender el verdadero significado del que es ser un hombre o mujer de caballos. Basado en los antiguos m\u00e9todos de los<span class=\"Apple-converted-space\">\u00a0 <\/span>grandes maestros del arte ecuestre, con todos los conocimientos que tenemos ahora de estudios de comportamiento y del natural horsemanship, conjuntamente con nuestra filosof\u00eda Symbiosis, aqu\u00ed en Pikdame aprender\u00e1s a hablar caballo, de una manera respetuosa y significativa.<\/p>\n<p>Todos nuestros caballos as\u00ed como el resto de animales con los que convivimos han sido rescatados, todos ellos llegan a nosotros con situaciones e historias muy diversas, pero todos con un futuro muy incierto en com\u00fan. Ahora, con la ayuda de nuestro entrenamiento y a partir del programa de rehabilitaci\u00f3n con la filosof\u00eda Symbiosis se han convertido en aut\u00e9nticos maestros en Pikdame. Nosotros creemos en una equitaci\u00f3n alternativa, respetuosa y sobre todo, sostenible.<\/p>\n<p><b>Cu\u00e1les ser\u00e1n mis rutinas aqu\u00ed en Pikdame?<\/b><\/p>\n<p>La labor de las personas voluntarias ser\u00e1, en su mayor parte, la preparaci\u00f3n de comidas, la alimentaci\u00f3n de los caballos y el mantenimiento, reparaci\u00f3n y limpieza de los paddocks. Limpiar\u00e1n y mirar\u00e1n a los caballos para prepararlos para posibles montas.<\/p>\n<p>Si te animas a ayudarnos haciendo un voluntariado, tus labores ser\u00e1n la preparaci\u00f3n de comidas, la alimentaci\u00f3n de los caballos y el mantenimiento, reparaci\u00f3n y limpieza de los paddocks. Tambi\u00e9n limpiar\u00e1s y mimar\u00e1s a los caballos para prepararlos para posibles montas.<\/p>\n<p>Aparte de todo el contacto f\u00edsico y emocional, los voluntarios tambi\u00e9n dar\u00e1n a conocer y explicar\u00e1n a terceros c\u00f3mo cuidar y tratar a los caballos de una manera respetuosa y \u00e9tica.<\/p>\n<p>No siempre, pero tambi\u00e9n se puede dar el caso, de que lleguen animales reci\u00e9n rescatados. En este caso, los voluntarios que demuestren m\u00e1s habilidades, tambi\u00e9n nos echar\u00e1n una mano con ellos.<\/p>\n<p><b>Quien puede formar parte del voluntariado?<\/b><\/p>\n<p>Cualquier persona de m\u00e1s de 16 a\u00f1os que sea responsable y comprometida consigo misma y con los animales. Cualquier persona con pasi\u00f3n por aprender, y amor por la naturaleza y caballos en general.<\/p>\n<p>Cualquiera a quien no le d\u00e9 miedo el trabajo duro y no le moleste mirar profundamente en su interior y crecer personalmente.<\/p>\n<p>Si tienes m\u00e1s de 16 a\u00f1os, eres una persona responsable y comprometida contigo, y con los animales, tienes pasi\u00f3n por aprender y amas a los caballos y la naturaleza, no te da miedo el trabajo duro ni mirar profundamente en su interior y crecer personalmente. Nuestro programa de voluntariado es de una m\u00ednima estancia de 6 semanas.<span class=\"Apple-converted-space\">\u00a0<\/span><\/p>\n<p>Esto va a beneficiar tanto a nuestros caballos como a los voluntarios.<\/p>\n<p>No se necesita experiencia previa, pero una actitud correcta y una \u00e9tica de trabajo son requeridas.<\/p>\n<p>Si est\u00e1s realmente interesado en aprender con nosotros, despu\u00e9s del voluntariado, hay un programa esponsorizado por Pikdame al cual puedes aplicar. Con este programa puedes obtener formaci\u00f3n reconocida a nivel internacional con la British Horse Society y junto a poder formarte con la metodolog\u00eda de entrenamiento Symbiosis. Para m\u00e1s informaci\u00f3n contacta con nosotros en info@pikdame.io<\/p>\n<p>Ser parte del programa de voluntariado en Pikdame es una experiencia \u00fatil para los que quieran estudiar o est\u00e9n estudiando veterinaria, fisioterapeuta de equinos, mozos de cuadra, jinetes, o para aquellos que est\u00e1n interesados en especializarse en animales grandes.<\/p>\n<p>Como tambi\u00e9n trabajamos much\u00edsimo la parte emocional y consciente del ser humano, es tambi\u00e9n una oportunidad fant\u00e1stica para los estudiantes de psicolog\u00eda, terapias alternativas, osteopatas, trabajadores sociales, etc.<\/p>\n<p>Aqu\u00ed te dejamos una serie de caracter\u00edsticas que te ayudar\u00e1n a ver si eres el candidato que buscamos, no es necesario que las tengas todas, pero son una buena gu\u00eda.<\/p>\n<p>Nosotros sobre todo buscamos gente que pueda trabajar en equipo, con buena \u00e9tica de trabajo, responsable, cuidadoso, limpio, que est\u00e9 f\u00edsicamente fuerte, entusiasta, flexible, y con un amor hacia los animales y caballos inexorable.<\/p>\n<p>Para acceder a nuestro voluntariado se requiere una estancia m\u00ednima de seis semanas y \u00a0250\u20ac de tarifa semanales son necesarios. Esto nos ayudar\u00e1 a pagar tus gastos de alojamiento y alimentaci\u00f3n mientras est\u00e9s en Pikdame, adem\u00e1s de garantizar el compromiso y reservar la plaza durante el periodo acordado (por este motivo, una vez abonada la cantidad, esta no ser\u00e1 devuelta).<\/p>\n<p><b>Cinco beneficios que obtendr\u00e1s siendo voluntario en Pikdame:<\/b><\/p>\n<p>Estar\u00e1s formando parte de un proyecto de cambio dentro del mundo ecuestre. Un proyecto donde los caballos no son tratados como objetos, sino como seres sintientes, que tambi\u00e9n deben de ser escuchados y tenidos en consideraci\u00f3n. Un cambio hacia una equitaci\u00f3n m\u00e1s sostenible y emp\u00e1tica.<\/p>\n<p>Con vuestro apoyo en el cuidado diario de los caballos, estar\u00e1s formando parte activamente del cambio<span class=\"Apple-converted-space\">\u00a0 <\/span>revolucionario que necesita el mundo ecuestre.<\/p>\n<p>Los voluntarios aprender\u00e1n much\u00edsimo sobre los caballos, c\u00f3mo cuidarlos, c\u00f3mo estos ven el mundo y qu\u00e9 significa hablar caballo. En conjunto, todos los voluntarios aprender\u00e1n tambi\u00e9n sobre ellos mismos. Ganar\u00e1n comprensi\u00f3n en la b\u00fasqueda de ellos mismos y en las cualidades sanadoras de los caballos.<\/p>\n<p>Adem\u00e1s de crear una profunda relaci\u00f3n con los caballos, a menudo, nuestros voluntarios crean lazos con otros voluntarios que comparten intereses mutuos (solo dos voluntarios por temporada).<\/p>\n<p>Si eres un aventurero y te encanta viajar, nosotros te ofrecemos la oportunidad de descubrir esta bonita regi\u00f3n de Espa\u00f1a, Catalunya. Estamos cerca de bonitas ciudades como Tarragona, Reus o Barcelona; O de regiones tan pintorescas como el Priorat, y pueblecitos tan encantadores como Siurana.<\/p>\n<p>Hacer el voluntariado aqu\u00ed en Pikdame es una manera de expandir tu perspectiva del mundo.<span class=\"Apple-converted-space\">\u00a0<\/span><\/p>\n<p>Asuntos que pod\u00edan parecer de mucha importancia y problem\u00e1ticos antes, pueden parecer m\u00e1s triviales despu\u00e9s de pasar un tiempo con nosotros. Observa c\u00f3mo te transformas en un individuo m\u00e1s fuerte, y sum\u00e9rgete no solo dentro del mundo caballo, sino tambi\u00e9n en otra filosof\u00eda de vida.<\/p>\n<p>Donando un poco de tu tiempo con los caballos aqu\u00ed en Pikdame con uno de los mejores amigos del hombre, someti\u00e9ndote a los efectos calmantes de esta noble criatura, y descubre el que se desenvuelve dentro del mundo del caballo.[\/vc_column_text][\/vc_column][\/vc_row]\n<\/div>","protected":false},"excerpt":{"rendered":"<p>[vc_row css=\u00bb.vc_custom_1520434928210{margin-right: 70px !important;margin-left: 10px !important;}\u00bb][vc_column css=\u00bb.vc_custom_1493636287297{margin-left: 70px !important;}\u00bb][vc_custom_heading text=\u00bbVoluntariado\u00bb google_fonts=\u00bbfont_family:Droid%20Serif%3Aregular%2Citalic%2C700%2C700italic|font_style:400%20regular%3A400%3Anormal\u00bb][\/vc_column][\/vc_row][vc_row css=\u00bb.vc_custom_1520435059245{margin-top: -25px !important;margin-right: 55px !important;margin-left: 10px !important;}\u00bb][vc_column css=\u00bb.vc_custom_1519918897839{margin-left: 70px !important;border-right-width: 70px !important;padding-right: 100px !important;}\u00bb][vc_images_carousel images=\u00bb4919,4918,4917&#8243; img_size=\u00bb1000&#215;600&#8243; onclick=\u00bblink_no\u00bb speed=\u00bb3000&#8243; autoplay=\u00bbyes\u00bb wrap=\u00bbyes\u00bb][vc_column_text]Nuestro programa de voluntariado es para todos aquellos interesados en aprender el verdadero significado del que es ser un hombre o mujer de caballos. Basado en los antiguos m\u00e9todos de [&hellip;] <a class=\"continue-reading h6 color-primary\" href=\"https:\/\/www.pikdame.io\/es\/voluntariado\/\"><i class=\"fa fa-fw fa-angle-double-right \"><\/i>Continue Reading<\/a><\/p>\n","protected":false},"author":1,"featured_media":0,"parent":0,"menu_order":0,"comment_status":"closed","ping_status":"closed","template":"","meta":{"footnotes":""},"class_list":["post-4970","page","type-page","status-publish","hentry"],"_links":{"self":[{"href":"https:\/\/www.pikdame.io\/es\/wp-json\/wp\/v2\/pages\/4970","targetHints":{"allow":["GET"]}}],"collection":[{"href":"https:\/\/www.pikdame.io\/es\/wp-json\/wp\/v2\/pages"}],"about":[{"href":"https:\/\/www.pikdame.io\/es\/wp-json\/wp\/v2\/types\/page"}],"author":[{"embeddable":true,"href":"https:\/\/www.pikdame.io\/es\/wp-json\/wp\/v2\/users\/1"}],"replies":[{"embeddable":true,"href":"https:\/\/www.pikdame.io\/es\/wp-json\/wp\/v2\/comments?post=4970"}],"version-history":[{"count":9,"href":"https:\/\/www.pikdame.io\/es\/wp-json\/wp\/v2\/pages\/4970\/revisions"}],"predecessor-version":[{"id":6574,"href":"https:\/\/www.pikdame.io\/es\/wp-json\/wp\/v2\/pages\/4970\/revisions\/6574"}],"wp:attachment":[{"href":"https:\/\/www.pikdame.io\/es\/wp-json\/wp\/v2\/media?parent=4970"}],"curies":[{"name":"wp","href":"https:\/\/api.w.org\/{rel}","templated":true}]}}