{"id":4963,"date":"2017-06-07T14:43:23","date_gmt":"2017-06-07T14:43:23","guid":{"rendered":"http:\/\/www.pikdame.io\/for-horses\/"},"modified":"2023-12-14T11:13:55","modified_gmt":"2023-12-14T10:13:55","slug":"los-caballos","status":"publish","type":"page","link":"https:\/\/www.pikdame.io\/es\/los-caballos\/","title":{"rendered":"Para Caballos"},"content":{"rendered":"<div class=\"wpb-content-wrapper\">[vc_row css=\u00bb.vc_custom_1520434928210{margin-right: 70px !important;margin-left: 10px !important;}\u00bb][vc_column css=\u00bb.vc_custom_1493636287297{margin-left: 70px !important;}\u00bb][vc_custom_heading text=\u00bbCaballos\u00bb google_fonts=\u00bbfont_family:Droid%20Serif%3Aregular%2Citalic%2C700%2C700italic|font_style:400%20regular%3A400%3Anormal\u00bb][\/vc_column][\/vc_row][vc_row css=\u00bb.vc_custom_1520435059245{margin-top: -25px !important;margin-right: 55px !important;margin-left: 10px !important;}\u00bb][vc_column css=\u00bb.vc_custom_1519918897839{margin-left: 70px !important;border-right-width: 70px !important;padding-right: 100px !important;}\u00bb][vc_images_carousel images=\u00bb4891,4892,4893&#8243; img_size=\u00bb1000&#215;600&#8243; onclick=\u00bblink_no\u00bb speed=\u00bb3000&#8243; autoplay=\u00bbyes\u00bb wrap=\u00bbyes\u00bb][vc_column_text]\n<h2><b>ENTRENO Y REHABILITACI\u00d3N<\/b><\/h2>\n<p>Llevamos m\u00e1s de 20 a\u00f1os entrenando y educando caballos, de una forma no violenta y en una atm\u00f3sfera sin estr\u00e9s.<\/p>\n<p>Utilizamos todo el conocimiento y formaci\u00f3n que tenemos en comportamiento y etolog\u00eda equina, natural horsemanship y biomec\u00e1nica equina para rehabilitar y entrenar a los caballos f\u00edsica y mentalmente, para poder as\u00ed, ayudar a cualquier caballo a llevar una vida segura y a que sean valientes. Tenemos la suerte de tener una serie de profesionales en nuestro equipo que hacen que nuestro centro sea el mejor lugar para tener a tu caballo.<\/p>\n<p>Basamos nuestras ense\u00f1anzas en el trabajo de los antiguos maestros del barroco y renacimiento, para poder conseguir la perfecta armon\u00eda entre la mente y el cuerpo del caballo: es la mejor manera de evitar futuras lesiones en los caballos, y crear confianza con los jinetes.<\/p>\n<p>Los caballos trabajan de una manera feliz, concentr\u00e1ndose en lo que les pedimos, relajados y con voluntad, disfrutando la experiencia de trabajar junto a nosotros para conseguir objetivos comunes.<\/p>\n<p>Trabajamos para potenciar las habilidades y aptitudes de cada caballo, fortalecer sus puntos d\u00e9biles, y comenzar a llegar a la idea de dos cuerpos trabajando c\u00f3mo uno.<\/p>\n<p>Tambi\u00e9n te podemos ayudar y asesorar en empezar a trabajar al caballo joven o potro, desde las bases de la cuerda y el groundwork, hasta los niveles de la doma y del salto.<\/p>\n<p>Para los que quieren entrenar su propio caballo, asistimos durante todo el proceso, para evitar as\u00ed, que cualquier mal-entendimiento se convierta en un problema.<\/p>\n<p>Para poder conseguir los mejores resultados, se requiere de un m\u00ednimo de dos sesiones a la semana. Cada sesi\u00f3n tiene un coste de 60\u20ac iva incluido.[\/vc_column_text][vc_images_carousel images=\u00bb4894,4895,4896&#8243; img_size=\u00bb1000&#215;600&#8243; onclick=\u00bblink_no\u00bb speed=\u00bb3000&#8243; autoplay=\u00bbyes\u00bb wrap=\u00bbyes\u00bb][vc_column_text]\n<h2><b>PUPILAJE<\/b><\/h2>\n<p>Como cada caballo es diferente y no hay dos iguales, ofrecemos diferentes tipos de pupilaje, para adecuarnos al m\u00e1ximo a las necesidades de cada caballo, pero en todos ellos, la m\u00e1xima siempre es la misma: el bienestar y la salud de nuestros caballos es primordial.<\/p>\n<p>Aire fresco, espacios abiertos, alimentaci\u00f3n correcta de gran calidad, socializaci\u00f3n con otros caballos y animales junto a un equipo dedicado exclusivamente a cuidarlos de la mejor manera posible, hacen que nuestros servicios sean exclusivos y muy profesionales. Cada caballo es \u00fanico y nosotros nos enorgullecemos de poder cuidar cada una de sus necesidades individuales.<\/p>\n<p>El orden y la limpieza es esencial para garantizar la salud de nuestros animales, nuestros establos y paddocks se limpian dos veces al d\u00eda m\u00ednimo. Todo para el bienestar de nuestros caballos<\/p>\n<p>La alimentaci\u00f3n se compone exclusivamente del mejor heno, libre de polvo y con gran calidad nutricional, en un entorno en el que los caballos siempre lo tienen a su alcance. Complementamos la alimentaci\u00f3n si es necesario, tres veces al d\u00eda.<\/p>\n<p><b>CON ESTABLO:<\/b> Entendemos las necesidades de nuestros caballos a la perfecci\u00f3n, y es por ello que nuestros establos son amplios y con luz natural, sin corriente de aire y con camas de viruta. Miden 3.5m x 3.5m cada uno, con madera tropical de gran resistencia. Nuestra opci\u00f3n de pupilaje con establo tambi\u00e9n incluye un m\u00ednimo de 8 horas en paddock, cambio de mantas y limpieza de cascos con permanente heno. El precio por la suma de los servicios es de <strong>550\u20ac\/mensual + IVA.<\/strong><\/p>\n<p><b>EN PADDOCK:<\/b> la opci\u00f3n de paddock es para los clientes que quieren que sus caballos est\u00e9n las 24 horas y los 7 d\u00edas a la semana, en un ambiente libre y m\u00e1s natural; con contacto con otros caballos y llevando una vida lo m\u00e1s parecida a la de una manada. Como el clima de la pen\u00ednsula es muy moderado, es perfecto para mantenerlos en paddock todas las estaciones del a\u00f1o. Nuestros paddocks est\u00e1n dise\u00f1ados de manera inteligente, para que nuestros caballos caminen y se mantengan activos, ayudando as\u00ed a que se mantengan fuertes y sanos.<span class=\"Apple-converted-space\">\u00a0<\/span><\/p>\n<p>Nuestros paddocks son grandes, est\u00e1n dise\u00f1ados para poder mantener un grupo de entre 3 a 6 caballos viviendo juntos. Esta es la mejor opci\u00f3n para que socialicen e interact\u00faen mientras disfrutan del sol, juegan y comen. Algunos de nuestros paddocks tambi\u00e9n disponen de camas de arena, para que puedan disfrutar de un buen revolc\u00f3n.<\/p>\n<p>Otra opci\u00f3n disponible en Pikdame son paddocks m\u00e1s peque\u00f1os para caballos que est\u00e9n en rehabilitaci\u00f3n, sementales u otras situaciones que necesiten de mucho espacio o poca convivencia en grupo.<\/p>\n<p>La opci\u00f3n de paddock tambi\u00e9n ofrece el cuidado de los cascos, y el cambio d mantas en invierno y verano si es necesario.<\/p>\n<p>Esta opci\u00f3n tiene un precio de <strong>350\u20ac + IVA<\/strong>.<\/p>\n<p>Las Vacaciones y retiros tambi\u00e9n est\u00e1n contemplados en Pikdame. Si est\u00e1s de vacaciones por la zona y quieres compartirlas con tu caballo, o quieres darle un respiro a tu caballo despu\u00e9s de unos d\u00edas de competiciones, tenemos el entorno perfecto para que puedan descansar y recuperar fuerzas ellos tambi\u00e9n.<\/p>\n<p>Para m\u00e1s detalles o informaci\u00f3n de las diferentes opciones, contacta con nosotros en<b> info@pikdame.io<\/b>[\/vc_column_text][vc_single_image image=\u00bb4850&#8243; img_size=\u00bb1000&#215;600&#8243; alignment=\u00bbcenter\u00bb][vc_column_text]\n<h2><b>HOSPEDAJE<\/b><\/h2>\n<p>Cada d\u00eda son m\u00e1s las personas que deciden hospedarse con nosotros en su ruta hacia Europa, o de Europa hacia el sur de la Pen\u00ednsula. Nuestra privilegiada localizaci\u00f3n, muy cerca de la AP-7, con una gasolinera al lado, y sin los problemas de tr\u00e1fico que se pueden ocasionar m\u00e1s f\u00e1cilmente cerca de ciudades grandes, hacen de Pikdame el lugar perfecto para hacer un alto en el camino. Si a todo ello le sumamos la calidad de nuestras instalaciones y servicios, nos encontramos reconocidos como uno de los pit stops por excelencia. Los boxes son de 3x3m de viruta. Estamos abiertos 24 horas al d\u00eda, 7 d\u00edas a la semana para toda persona que est\u00e9 viajando. A parte del hospedaje para equinos, tambi\u00e9n ofrecemos hospedaje para los de dos patas, con comida, ba\u00f1o y habitaciones, as\u00ed como servicio de wifi. Caminar es gratuito.<\/p>\n<p>No dudes en pedir informaci\u00f3n o reservar escribi\u00e9ndonos un email a: <a href=\"mailto:info@pikdame.io\"><b>info@pikdame.io<\/b><\/a><\/p>\n<p>Precio 35\u20ac m\u00e1s iva por caballo y noche.<\/p>\n<p>Para perros<\/p>\n<p>Nos encantan los animales, es por eso que ofrecemos la posibilidad de dejar vuestro perro con nosotros. Cuidamos a vuestro perro como si fuera uno de los nuestros. Con un espacio vallado seguro de m\u00e1s de 3000m<sup>2<\/sup>, donde pueda jugar, correr y socializar con otros Pikdame, es el lugar perfecto donde poder dejar a tu mascota hasta tu vuelta.<span class=\"Apple-converted-space\">\u00a0<\/span><\/p>\n<p>Precio empiezan a 25\u20ac iva incluido. Si tienes m\u00e1s de un perro, o est\u00e1s pensando en una larga estancia, ponte en contacto con nosotros escribi\u00e9ndonos a: <a href=\"mailto:info@pikdame.io\"><b>info@pikdame.io<\/b><\/a>[\/vc_column_text][\/vc_column][\/vc_row][vc_row el_id=\u00bbovernight\u00bb][vc_column][\/vc_column][\/vc_row]\n<\/div>","protected":false},"excerpt":{"rendered":"<p>[vc_row css=\u00bb.vc_custom_1520434928210{margin-right: 70px !important;margin-left: 10px !important;}\u00bb][vc_column css=\u00bb.vc_custom_1493636287297{margin-left: 70px !important;}\u00bb][vc_custom_heading text=\u00bbCaballos\u00bb google_fonts=\u00bbfont_family:Droid%20Serif%3Aregular%2Citalic%2C700%2C700italic|font_style:400%20regular%3A400%3Anormal\u00bb][\/vc_column][\/vc_row][vc_row css=\u00bb.vc_custom_1520435059245{margin-top: -25px !important;margin-right: 55px !important;margin-left: 10px !important;}\u00bb][vc_column css=\u00bb.vc_custom_1519918897839{margin-left: 70px !important;border-right-width: 70px !important;padding-right: 100px !important;}\u00bb][vc_images_carousel images=\u00bb4891,4892,4893&#8243; img_size=\u00bb1000&#215;600&#8243; onclick=\u00bblink_no\u00bb speed=\u00bb3000&#8243; autoplay=\u00bbyes\u00bb wrap=\u00bbyes\u00bb][vc_column_text] ENTRENO Y REHABILITACI\u00d3N Llevamos m\u00e1s de 20 a\u00f1os entrenando y educando caballos, de una forma no violenta y en una atm\u00f3sfera sin estr\u00e9s. Utilizamos todo el conocimiento y formaci\u00f3n [&hellip;] <a class=\"continue-reading h6 color-primary\" href=\"https:\/\/www.pikdame.io\/es\/los-caballos\/\"><i class=\"fa fa-fw fa-angle-double-right \"><\/i>Continue Reading<\/a><\/p>\n","protected":false},"author":1,"featured_media":0,"parent":0,"menu_order":0,"comment_status":"closed","ping_status":"closed","template":"","meta":{"footnotes":""},"class_list":["post-4963","page","type-page","status-publish","hentry"],"_links":{"self":[{"href":"https:\/\/www.pikdame.io\/es\/wp-json\/wp\/v2\/pages\/4963","targetHints":{"allow":["GET"]}}],"collection":[{"href":"https:\/\/www.pikdame.io\/es\/wp-json\/wp\/v2\/pages"}],"about":[{"href":"https:\/\/www.pikdame.io\/es\/wp-json\/wp\/v2\/types\/page"}],"author":[{"embeddable":true,"href":"https:\/\/www.pikdame.io\/es\/wp-json\/wp\/v2\/users\/1"}],"replies":[{"embeddable":true,"href":"https:\/\/www.pikdame.io\/es\/wp-json\/wp\/v2\/comments?post=4963"}],"version-history":[{"count":7,"href":"https:\/\/www.pikdame.io\/es\/wp-json\/wp\/v2\/pages\/4963\/revisions"}],"predecessor-version":[{"id":6463,"href":"https:\/\/www.pikdame.io\/es\/wp-json\/wp\/v2\/pages\/4963\/revisions\/6463"}],"wp:attachment":[{"href":"https:\/\/www.pikdame.io\/es\/wp-json\/wp\/v2\/media?parent=4963"}],"curies":[{"name":"wp","href":"https:\/\/api.w.org\/{rel}","templated":true}]}}