{"id":4955,"date":"2022-02-22T09:08:01","date_gmt":"2022-02-22T09:08:01","guid":{"rendered":"http:\/\/www.pikdame.io\/for-riders\/"},"modified":"2026-04-14T16:36:10","modified_gmt":"2026-04-14T14:36:10","slug":"jinetes","status":"publish","type":"page","link":"https:\/\/www.pikdame.io\/es\/jinetes\/","title":{"rendered":"Para Jinetes"},"content":{"rendered":"<div class=\"wpb-content-wrapper\">[vc_row css=\u00bb.vc_custom_1520434928210{margin-right: 70px !important;margin-left: 10px !important;}\u00bb][vc_column css=\u00bb.vc_custom_1493636287297{margin-left: 70px !important;}\u00bb][vc_custom_heading text=\u00bbJinetes\u00bb google_fonts=\u00bbfont_family:Droid%20Serif%3Aregular%2Citalic%2C700%2C700italic|font_style:400%20regular%3A400%3Anormal\u00bb][\/vc_column][\/vc_row][vc_row css=\u00bb.vc_custom_1520435059245{margin-top: -25px !important;margin-right: 55px !important;margin-left: 10px !important;}\u00bb][vc_column css=\u00bb.vc_custom_1519918897839{margin-left: 70px !important;border-right-width: 70px !important;padding-right: 100px !important;}\u00bb][vc_images_carousel images=\u00bb4871,4872,4913&#8243; img_size=\u00bb1000&#215;600&#8243; onclick=\u00bblink_no\u00bb speed=\u00bb3000&#8243; autoplay=\u00bbyes\u00bb wrap=\u00bbyes\u00bb][vc_column_text]\n<h2>CLASES<\/h2>\n<p>Tenemos clases para todo tipo de jinetes con diferentes niveles, inquietudes y disciplinas. Ofrecemos clases pie a tierra, groundwork, a la cuerda, montados sobre obst\u00e1culos o en pista, trabajo en libertad, conexi\u00f3n y energ\u00eda.<\/p>\n<p>Tenemos caballos que te van ayudar a llegar al nivel que necesites, tanto para hacer piruetas y piaffer, para saltar una altura de hasta 135 cm, como para salir a dar paseos y disfrutar del aire fresco y de la conecci\u00f3n con estos bell\u00edsimos animales.<\/p>\n<p>Nuestra especialidad es resolver cualquier problema que jinete o caballo pueda encontrar, de una forma inteligente y sin estr\u00e9s.[\/vc_column_text][vc_images_carousel images=\u00bb4877,4878,4911&#8243; img_size=\u00bb1000&#215;600&#8243; onclick=\u00bblink_no\u00bb speed=\u00bb3000&#8243; autoplay=\u00bbyes\u00bb wrap=\u00bbyes\u00bb][vc_column_text]\n<h2>PRINCIPIANTES Y AMATEURS<\/h2>\n<p>Educamos a todos nuestros jinetes a sentarse con la posici\u00f3n cl\u00e1sica neutral para que jinete y caballo puedan obtener equilibrio y armon\u00eda. Con esa posici\u00f3n, tanto caballo como jinete, est\u00e1n seguros, y el caballo puede cargar con el peso del jinete de una forma sana y saludable para su cuerpo.<span class=\"Apple-converted-space\">\u00a0<\/span><\/p>\n<p>Nuestras clases tienen el valor a\u00f1adido de poder compartiros todos nuestros conocimientos en biomec\u00e1nica, comportamiento y etolog\u00eda equina que nuestros 20 a\u00f1os de experiencia, y continua educaci\u00f3n nos han<span class=\"Apple-converted-space\">\u00a0 <\/span>dado, para poder as\u00ed construir una relaci\u00f3n sana y equilibrada con nuestros caballos.<\/p>\n<p>Nuestras clases son de un m\u00e1ximo de dos personas para daros lo mejor de nosotros con la m\u00e1xima calidad.<\/p>\n<p>Cada estudiante aprende a preparar y a limpiar a su caballo, para formar as\u00ed uniones m\u00e1s intimas.<\/p>\n<p><strong>Una clase tiene un precio de 85\u20ac iva incluido. Tambi\u00e9n ofrecemos la posibilidad de comprar un bono de 10 clases por 750\u20ac iva incluido. Esta opci\u00f3n ofrece as\u00ed un ahorro de 100\u20ac por bono<\/strong><\/p>\n<p><strong>Para m\u00e1s de dos clases por semana, habla con nosotros para descuentos y ofertas escribi\u00e9ndonos a: <a href=\"mailto:info@pikdame.io\">info@pikdame.io<\/a><\/strong>[\/vc_column_text][vc_images_carousel images=\u00bb4880,4881,4882&#8243; img_size=\u00bb1000&#215;600&#8243; onclick=\u00bblink_no\u00bb speed=\u00bb3000&#8243; autoplay=\u00bbyes\u00bb wrap=\u00bbyes\u00bb][vc_column_text]\n<h2>PARA PROFESIONALES Y COMPETICI\u00d3N<\/h2>\n<p>Tanto Iris como Arnau han sido parte activa del mundo de la competici\u00f3n en el pasado, y te pueden ayudar con tu dedicaci\u00f3n y determinaci\u00f3n. Arnau, dentro de la esfera del salto, tambi\u00e9n tiene mucha experiencia, entrenando a j\u00f3venes jinetes y acompa\u00f1\u00e1ndolos en los concursos. Su conocimiento de las normas, el ojo que tiene para un movimiento correcto y la suavidad de sus clases te ayudar\u00e1n a conseguir lo mejor de ti y de tu caballo.<\/p>\n<p>La especialidad de Iris es el completo, su background es Inglaterra, educando caballos j\u00f3venes en esta disciplina. En los a\u00f1os recientes se ha especializado mucho en Alta Escuela, ayudando as\u00ed a tu caballo no solamente a trabajar su f\u00edsico, sino tambi\u00e9n a trabajar su mente.<\/p>\n<p>No solo preparamos a jinete y caballo para mantener la mente afilada y el cuerpo relajado, sino que tambi\u00e9n te ayudamos a que te sientas preparado<span class=\"Apple-converted-space\"> ,\u00a0<\/span>ayud\u00e1ndote a preparar un programa de entrenamiento correcto, ajustado al nivel de cada binomio, calendarios de competiciones y d\u00e1ndote apoyo los d\u00edas de las competiciones, acompa\u00f1\u00e1ndote para que puedas estar como en casa en un d\u00eda tan importante.<\/p>\n<p>Sabemos de primera mano que tanto el tacto como el crecimiento personal del jinete son claves para el \u00e9xito, es por eso que una parte muy importante va dirigida a la mente del jinete, ayudando as\u00ed a superar cualquier bloqueo mental o miedo.<\/p>\n<p>Este tipo de entrenamiento est\u00e1 enfocado a toda persona que quiera o se dedique a la instrucci\u00f3n o coach ecuestre, competidores, jueces, entrenadores, junto a toda la nueva generaci\u00f3n de j\u00f3venes jinetes que quiere dedicarse a este estilo de vida.<\/p>\n<p>Un m\u00ednimo de dos sesiones por semana es lo requerido para este tipo de entrenamiento.<\/p>\n<p><strong>El precio por clase es 75\u20ac, con un 10% de descuento para los afiliados a la BHS o las Federaciones espa\u00f1olas o catalanas.<\/strong><\/p>\n<p><strong>Para m\u00e1s informaci\u00f3n, no dudes en contactar con <a href=\"mailto:info@pikdame.io\">info@pikdame.io<\/a><\/strong><\/p>\n<p>En Pikdame nos gusta acompa\u00f1ar y apoyar a las futuras generaciones de entrenadores y jinetes profesionales. Es por eso, que tambi\u00e9n tenemos la opci\u00f3n de proveerte de un caballo de competici\u00f3n.[\/vc_column_text][vc_images_carousel images=\u00bb4884,4886,3730&#8243; img_size=\u00bb1000&#215;600&#8243; onclick=\u00bblink_no\u00bb speed=\u00bb3000&#8243; autoplay=\u00bbyes\u00bb wrap=\u00bbyes\u00bb][vc_column_text]\n<h2>BRITISH HORSE SOCIETY CURSOS<\/h2>\n<p>Nuestro centro Pikdame prepara estudiantes tanto para las cualificaciones nacionales como para las bien reconocidas internacionalmente, British Horse Society qualifications (BHS).<\/p>\n<p>Nuestro centro es sin duda tu mejor opci\u00f3n por excelencia, cuando quieres que tu pasi\u00f3n se convierta en tu profesi\u00f3n. Nosotros hemos escogido las Cualificaciones de la BHS, ya que tienen un reconocimiento y est\u00e1ndares de reconocimiento mundial.<\/p>\n<p>Somos el \u00fanico centro BHS en la pen\u00ednsula que entrena desde el Stage I al III. Todos los cursos de la BHS dan una variedad de carreras profesionales dentro del mundo de la equitaci\u00f3n: desde mozo de cuadra, a jinete profesional, o de manager de un centro ecuestre a instructor. Cada estudiante puede escoger el camino que m\u00e1s le guste o encaje con sus habilidades y personalidad.<\/p>\n<p>Las clases dentro de nuestro curso solamente acogen un m\u00e1ximo de 4 estudiantes, para garantizar as\u00ed, que cada estudiante reciba la mejor formaci\u00f3n por nuestra parte. As\u00ed mismo, cada estudiante recibe un asesoramiento individual para adquirir el m\u00e1ximo dominio. Nuestros planes de entrenamiento son personalizados porque as\u00ed podemos trabajar los puntos d\u00e9biles de cada jinete, mejor\u00e1ndolos, y las habilidades correctas, haci\u00e9ndolas brillar. Gracias a ese tipo de evaluaci\u00f3n, el \u00e9xito est\u00e1 garantizado.<\/p>\n<p>Los ex\u00e1menes se pueden hacer en Inglaterra e Irlanda, pero ya hemos empezado a poder hacerlos aqu\u00ed en casa tambi\u00e9n, siempre que el n\u00famero de estudiantes sea el adecuado.<\/p>\n<p>Nuestra lengua de entrenamiento preferida es el ingl\u00e9s, pero nos adaptamos al p\u00fablico que tenemos.<\/p>\n<p>Nuestra Head of the BHS training es Iris Ferr\u00e9, y despu\u00e9s de una evaluaci\u00f3n inicial, personaliza cada entrenamiento para adecuarlo a cada estudiante, maximizando as\u00ed el \u00e9xito de cada uno de los candidatos.<\/p>\n<p>Pikdame tambi\u00e9n ofrece la posibilidad de traer tu propio caballo, para as\u00ed entrenarlo y sacar el m\u00e1ximo beneficio del curso.<\/p>\n<p>Nuestros cursos van de octubre a julio, de 8h de la ma\u00f1ana a 14h del mediod\u00eda, de lunes a viernes.<\/p>\n<p><strong>Para poder disponer de una plaza, la matr\u00edcula\u00a0es de 1750\u20ac Iva NO incluido, que se debe abonar antes de setiembre. \u00a0Despu\u00e9s la mensualidad es de 750\u20ac m\u00e1s Iva.<\/strong><\/p>\n<p><strong>Ofrecemos un descuento del 10% a las personas que traigan su propio caballo o est\u00e9n federadas.<\/strong><\/p>\n<p><strong>Y un descuento del 15% si se abona todo el curso en el momento de matricularse.<\/strong><\/p>\n<p>Toda persona que venga a estudiar desde el extranjero, es m\u00e1s que bienvenida, y si necesitas alojamiento, puedes ponerte en contacto para que te informemos sobre las opciones que tenemos durante tu estancia.<\/p>\n<p><span class=\"Apple-converted-space\">\u00a0\u00a0<\/span>[\/vc_column_text][vc_images_carousel images=\u00bb4888,4889,4915&#8243; img_size=\u00bb1000&#215;600&#8243; onclick=\u00bblink_no\u00bb speed=\u00bb3000&#8243; autoplay=\u00bbyes\u00bb wrap=\u00bbyes\u00bb][vc_column_text]\n<h2>PASEOS, RUTAS Y SALIDAS A LA PLAYA<\/h2>\n<p>Todos nuestros caballos est\u00e1n conectados y muy bien entrenados, es por eso que se necesita un m\u00ednimo nivel de monta para poder salir fuera de nuestro centro. Por este motivo, y para asegurarnos, tanto de vuestro bienestar, como del de nuestros caballos, os realizaremos un test de monta antes de salir y disfrutar al m\u00e1ximo.<\/p>\n<p>Salidas a la playa tienen un m\u00ednimo de seis horas de duraci\u00f3n, y se requiere un nivel m\u00ednimo de fitness y resistencia por parte de nuestros jinetes.<\/p>\n<p>Se sale de Pikdame pronto por la ma\u00f1ana, en direcci\u00f3n a Cambrils; utilizando las rieras, nos vamos acercando a la playa de Vilafortuny. Una vez all\u00ed, unos galopes son casi obligatorios, y si el tiempo lo permite, incluso poder adentrarnos hacia el mar.<\/p>\n<p>Despu\u00e9s de la comida, volvemos hacia Pikdame.<\/p>\n<p>Es una actividad perfecta con amigos y familia que comparten nuestro mismo hobby: los caballos.<\/p>\n<p><strong>Paseos y rutas cuestan 80\u20ac \u00a0IVA incluido persona.<\/strong><\/p>\n<p><strong>La salida a la playa cuesta 150\u20ac por persona ( iva NO incluido) . Con un m\u00ednimo de seis horas de monta garantizadas.<\/strong><\/p>\n<p>Caminando con caballos es nuestra \u00faltima incorporaci\u00f3n: Ofrece la posibilidad de salir a pasear con nuestros caballos, y as\u00ed disfrutar de la conexi\u00f3n y tranquilidad que estos animales nos ofrecen, junto con las explicaciones sobre ellos que Iris y Arnau te pueden ofrecer. Es la combinaci\u00f3n perfecta para todos los que aman la naturaleza, la quietud de los caballos y esa paz integral que nos ofrecen.<\/p>\n<p>Por favor, os pedimos que llegu\u00e9is media hora antes de vuestra cita para poder preparar y conocer a tu compa\u00f1ero, y as\u00ed disfrutar al m\u00e1ximo.<\/p>\n<p><strong>El precio es de 50\u20ac iva incluido\/hora.<\/strong>[\/vc_column_text][vc_column_text]\n<h2>VOLTEO<\/h2>\n<p>El volteo es una disciplina dentro del mundo de la equitaci\u00f3n que combina gimnasia y danza en lomos del caballo. Es una disciplina en que se puede participar tanto en competici\u00f3n como por pura diversi\u00f3n. El Volteo viene llegado del mundo del circo, donde ya se practicaba desde hace m\u00e1s de 2000 a\u00f1os. Es el deporte por excelencia para practicar en grupo.<\/p>\n<p>La edad m\u00ednima para empezar son los 5 a\u00f1os, hasta los 15.<\/p>\n<p><strong>EL precio por persona y hora es de 20\u20ac iva incluido.<\/strong><\/p>\n<p><strong>Para reservar cita o para m\u00e1s informaci\u00f3n y dudas de grupos puedes escribirnos a <a href=\"mailto:info@pikdame.io\">info@pikdame.io<\/a><\/strong><\/p>\n<h2><b>CLASES ON LINE, CL\u00cdNICS Y DEMOS:<\/b><\/h2>\n<p>Gracias a la tecnolog\u00eda, se pueden reservar clases online. Son clases particulares que pueden ser tanto de monta, como de teor\u00eda o de c\u00f3mo solventar algunos de los problemas que te puedes encontrar con tus caballos; tambi\u00e9n es posible hacer un video an\u00e1lisis de ti y tu caballo.<\/p>\n<p>Gracias a las clases online no importa ni lo lejos que est\u00e9s ni el tiempo que haga, tienes a Arnau o Iris a tu disposici\u00f3n con un clic desde la comodidad de tu casa o tu establo.<\/p>\n<p>Tambi\u00e9n ofrecemos clinics y workshops en todo el mundo; \u00bfte gustar\u00eda que vinieramos a tu centro y trabaj\u00e1ramos con tus caballos? Cont\u00e1ctanos al <strong>info@pikdame.io<\/strong> y lo preparamos \ud83d\ude42<\/p>\n<p>&nbsp;<\/p>\n<h2><b>CAMPOS:<\/b><\/h2>\n<p>Se ofrecen solo durante los periodos de vacaciones escolares. Cualquier familia que quiera ver a sus hij@s felices, contentos, sanos, y convirti\u00e9ndose en pr\u00f3speras personas tiene esta opci\u00f3n a su alcance..<\/p>\n<p>\u00bfQu\u00e9 mejor manera que estar rodeado de estos magn\u00edficos animales, para aprender empat\u00eda, estructura, cuidado del otro, respeto, disciplina y motivaci\u00f3n?<\/p>\n<p>Nuestros campos, a\u00f1o tras a\u00f1o , est\u00e1n mostrando que cada vez m\u00e1s progenitores buscan una manera alternativa y natural para que sus hij@s crezcan y se desenvuelvan con seguridad, respeto, esfuerzo y empat\u00eda.<\/p>\n<p><span class=\"Apple-converted-space\">\u00a0<\/span>Es una manera para que nuestros hij@s aprendan nuevas habilidades, descubriendo emociones nuevas y aprendiendo a transitarlas, invit\u00e1ndoles f\u00edsica y emocionalmente.<\/p>\n<p>Est\u00e1 disponible en ingl\u00e9s, castellano y catal\u00e1n.<\/p>\n<p><strong>Los CAMPOS tienen una duraci\u00f3n de 10 d\u00edas con alojamiento, manutenci\u00f3n y dos horas m\u00ednimo de entrenamiento con caballos. Para CAMPOS de larga duraci\u00f3n y stages para adultos, cont\u00e1ctanos en info@pikdame.io<\/strong><\/p>\n<p><strong>Precio 2500\u20ac iva incluido. Para descuentos familiares, contacta con nosotros en info@pikdame.io<\/strong>[\/vc_column_text][vc_column_text]\u00a0[\/vc_column_text][vc_images_carousel images=\u00bb5093,5094,5095,5096&#8243; img_size=\u00bb1000&#215;600&#8243; onclick=\u00bblink_no\u00bb speed=\u00bb3000&#8243; autoplay=\u00bbyes\u00bb wrap=\u00bbyes\u00bb][vc_column_text]\n<h2>El lenguaje secreto de los caballos<\/h2>\n<h2>Disfruta de una experiencia inolvidable con caballos<\/h2>\n<div class=\"\"><span class=\"\">Tanto si es tu primer contacto como si est\u00e1s familiarizado con el maravilloso mundo del caballo, en PikDame vivir\u00e1s un modo nuevo\u00a0 de redescubrir nuestro mundo. Vive la experiencia desde una mirada sist\u00e8mica. Una mirada humana y hol\u00edstica para entender a este magn\u00edfico animal. Aprender\u00e1s a hablar su idioma y disfrutar de su compa\u00f1\u00eda.<\/span><span class=\"\">\u00a0<\/span><br class=\"\" \/><br class=\"\" \/><span class=\"\">Rodeados de naturaleza y a tan s\u00f3lo 10 minutos de Reus, en Tarragona, disponemos de unas instalaciones pioneras para ofrecer confort tanto a los clientes de de dos piernas como a los de cuatro patas.\u00a0<\/span><br class=\"\" \/><br class=\"\" \/><span class=\"\">Conectar\u00e1s con la madre naturaleza y estar\u00e1s acompa\u00f1ado de la fauna m\u00e1s simp\u00e1tica (caballos, gatos, perros, gallinas, pavos reales y ocas, entre otros). Ver\u00e1s como es posible convivir con libertad, observarles haciendo su vida y sentir\u00e1s el gozo en el coraz\u00f3n.\u00a0<\/span><br class=\"\" \/><br class=\"\" \/><span class=\"\">A tan s\u00f3lo 20 minutos de Cambrils, Salou y sus playas, PikDame es el espacio perfecto para desconectar.\u00a0\u00a0Tenemos\u00a0 disponibles dos hospedaje: la Casita y la Caravana Delux. Los dos ofrecen el calor\u00a0 de la madera, s\u00f3n dobles, con espacio para comer, descansar , con nevera i una mini cocina. Los comidas se pueden degustar en comunidad, acompa\u00f1ados por nuestra familia, o en el\u00a0 propio\u00a0 hospedaje.<\/span><br class=\"\" \/><span class=\"\">Disponemos tambi\u00e9n de una piscina com encanto para refrescar-nos durante los meses calurosos.\u00a0<\/span><span class=\"\">\u00a0<\/span><br class=\"\" \/><br class=\"\" \/><span class=\"\">Vive la experiencia de fin de semana. Y\u00a0 sum\u00e9rgete en un mundo donde los sentidos se intensifican, el cuerpo se enraiza y la mente descansa.\u00a0<\/span><\/div>\n<div class=\"\"><span class=\"\">\u00a0<\/span><\/div>\n<div class=\"\"><strong><span class=\"\">Una noche 275\u20ac por persona<\/span><\/strong><\/div>\n<div class=\"\"><strong><span class=\"\">Dos noches 395\u20ac por persona<\/span><\/strong><\/div>\n[\/vc_column_text][\/vc_column][\/vc_row]\n<\/div>","protected":false},"excerpt":{"rendered":"<p>[vc_row css=\u00bb.vc_custom_1520434928210{margin-right: 70px !important;margin-left: 10px !important;}\u00bb][vc_column css=\u00bb.vc_custom_1493636287297{margin-left: 70px !important;}\u00bb][vc_custom_heading text=\u00bbJinetes\u00bb google_fonts=\u00bbfont_family:Droid%20Serif%3Aregular%2Citalic%2C700%2C700italic|font_style:400%20regular%3A400%3Anormal\u00bb][\/vc_column][\/vc_row][vc_row css=\u00bb.vc_custom_1520435059245{margin-top: -25px !important;margin-right: 55px !important;margin-left: 10px !important;}\u00bb][vc_column css=\u00bb.vc_custom_1519918897839{margin-left: 70px !important;border-right-width: 70px !important;padding-right: 100px !important;}\u00bb][vc_images_carousel images=\u00bb4871,4872,4913&#8243; img_size=\u00bb1000&#215;600&#8243; onclick=\u00bblink_no\u00bb speed=\u00bb3000&#8243; autoplay=\u00bbyes\u00bb wrap=\u00bbyes\u00bb][vc_column_text] CLASES Tenemos clases para todo tipo de jinetes con diferentes niveles, inquietudes y disciplinas. Ofrecemos clases pie a tierra, groundwork, a la cuerda, montados sobre obst\u00e1culos o en pista, [&hellip;] <a class=\"continue-reading h6 color-primary\" href=\"https:\/\/www.pikdame.io\/es\/jinetes\/\"><i class=\"fa fa-fw fa-angle-double-right \"><\/i>Continue Reading<\/a><\/p>\n","protected":false},"author":1,"featured_media":0,"parent":0,"menu_order":0,"comment_status":"closed","ping_status":"closed","template":"","meta":{"footnotes":""},"class_list":["post-4955","page","type-page","status-publish","hentry"],"_links":{"self":[{"href":"https:\/\/www.pikdame.io\/es\/wp-json\/wp\/v2\/pages\/4955","targetHints":{"allow":["GET"]}}],"collection":[{"href":"https:\/\/www.pikdame.io\/es\/wp-json\/wp\/v2\/pages"}],"about":[{"href":"https:\/\/www.pikdame.io\/es\/wp-json\/wp\/v2\/types\/page"}],"author":[{"embeddable":true,"href":"https:\/\/www.pikdame.io\/es\/wp-json\/wp\/v2\/users\/1"}],"replies":[{"embeddable":true,"href":"https:\/\/www.pikdame.io\/es\/wp-json\/wp\/v2\/comments?post=4955"}],"version-history":[{"count":8,"href":"https:\/\/www.pikdame.io\/es\/wp-json\/wp\/v2\/pages\/4955\/revisions"}],"predecessor-version":[{"id":6591,"href":"https:\/\/www.pikdame.io\/es\/wp-json\/wp\/v2\/pages\/4955\/revisions\/6591"}],"wp:attachment":[{"href":"https:\/\/www.pikdame.io\/es\/wp-json\/wp\/v2\/media?parent=4955"}],"curies":[{"name":"wp","href":"https:\/\/api.w.org\/{rel}","templated":true}]}}