{"id":4936,"date":"2022-02-23T19:05:46","date_gmt":"2022-02-23T19:05:46","guid":{"rendered":"http:\/\/www.pikdame.io\/?page_id=4936"},"modified":"2024-04-26T10:40:35","modified_gmt":"2024-04-26T08:40:35","slug":"home","status":"publish","type":"page","link":"https:\/\/www.pikdame.io\/es\/","title":{"rendered":"Home"},"content":{"rendered":"<div class=\"wpb-content-wrapper\">\t\t<div data-elementor-type=\"wp-page\" data-elementor-id=\"4936\" class=\"elementor elementor-4936\" data-elementor-post-type=\"page\">\n\t\t\t\t\t\t<section class=\"elementor-section elementor-top-section elementor-element elementor-element-36c8d167 elementor-section-boxed elementor-section-height-default elementor-section-height-default\" data-id=\"36c8d167\" data-element_type=\"section\" data-e-type=\"section\">\n\t\t\t\t\t\t<div class=\"elementor-container elementor-column-gap-default\">\n\t\t\t\t\t<div class=\"elementor-column elementor-col-100 elementor-top-column elementor-element elementor-element-1db4796e\" data-id=\"1db4796e\" data-element_type=\"column\" data-e-type=\"column\">\n\t\t\t<div class=\"elementor-widget-wrap elementor-element-populated\">\n\t\t\t\t\t\t<div class=\"elementor-element elementor-element-ed7da71 elementor-widget elementor-widget-text-editor\" data-id=\"ed7da71\" data-element_type=\"widget\" data-e-type=\"widget\" data-widget_type=\"text-editor.default\">\n\t\t\t\t<div class=\"elementor-widget-container\">\n\t\t\t\t\t\t\t\t\t[vc_row][vc_column][vc_row_inner][vc_column_inner][vc_column_text]\n<h1 style=\"text-align: center;\">\u00bfQu\u00e9 nos hace diferentes?<\/h1>\n<p style=\"text-align: center;\"><strong>Pikdame nace con una clara vocaci\u00f3n de ser un espacio donde disfrutar de la calma y la tranquilidad , un lugar donde desarrollar nuestros talentos y disfrutar de construir una relaci\u00f3n de amistad con los caballos. Una relaci\u00f3n donde respeto y conocimiento mutuo son las bases sobre las que construir. Un espacio f\u00edsico pero tambi\u00e9n un espacio emocional.<\/strong><\/p>\n[\/vc_column_text][\/vc_column_inner][\/vc_row_inner][vc_row_inner][vc_column_inner width=\u00bb1\/3&#8243;][vc_single_image image=\u00bb2960&#8243; img_size=\u00bb270&#215;270&#8243; alignment=\u00bbcenter\u00bb style=\u00bbvc_box_outline_circle_2&#8243; border_color=\u00bbblack\u00bb][vc_column_text]\n<h5 class=\"special-title\">Para los caballos<\/h5>\n<p><strong>Los caballos ven y viven el mundo de manera muy diferente a la nuestra , es por eso que nuestro sistema de entrenamiento est\u00e1 basado en el respeto a su naturaleza<\/strong>[\/vc_column_text][\/vc_column_inner][vc_column_inner width=\u00bb1\/3&#8243;][vc_single_image image=\u00bb4868&#8243; img_size=\u00bb270&#215;270&#8243; alignment=\u00bbcenter\u00bb style=\u00bbvc_box_outline_circle_2&#8243; border_color=\u00bbblack\u00bb][vc_column_text]\n<h5 class=\"special-title\">Para los jinetes<\/h5>\n<p><strong>Ofrecemos la posibilidad a nuestros clientes de escoger entre el servicio de pupilaje en box o en paddocks. Aire libre, buena alimentaci\u00f3n y dieta equilibrada.<\/strong>[\/vc_column_text][\/vc_column_inner][vc_column_inner width=\u00bb1\/3&#8243;][vc_single_image image=\u00bb4921&#8243; img_size=\u00bb270&#215;270&#8243; alignment=\u00bbcenter\u00bb style=\u00bbvc_box_outline_circle_2&#8243; border_color=\u00bbblack\u00bb][vc_column_text]\n<h5 class=\"special-title\">Coaching<\/h5>\n<p><strong><br>\n\u201cCoaching con caballos\u201d no significa montar a&nbsp;caballo.&nbsp;Es por eso que si quieres participar de esta experiencia no necesitas haber montado antes ni haber tratado con caballos en general.<br>\n<\/strong>[\/vc_column_text][\/vc_column_inner][\/vc_row_inner][\/vc_column][\/vc_row][vc_row][vc_column width=\u00bb1\/3&#8243;][vc_btn title=\u00bb+ info\u00bb color=\u00bbblack\u00bb align=\u00bbcenter\u00bb link=\u00bburl:http%3A%2F%2Fwww.pikdame.io%2Fes%2Flos-caballos%2F|title:Entrenament||\u00bb][\/vc_column][vc_column width=\u00bb1\/3&#8243;][vc_btn title=\u00bb+ info\u00bb color=\u00bbblack\u00bb align=\u00bbcenter\u00bb link=\u00bburl:http%3A%2F%2Fwww.pikdame.io%2Fes%2Fjinetes%2F|||\u00bb][\/vc_column][vc_column width=\u00bb1\/3&#8243;][vc_btn title=\u00bb+ info\u00bb color=\u00bbblack\u00bb align=\u00bbcenter\u00bb link=\u00bburl:http%3A%2F%2Fwww.pikdame.io%2Fes%2Fcoaching%2F|||\u00bb][\/vc_column][\/vc_row][vc_row][vc_column][\/vc_column][\/vc_row]\t\t\t\t\t\t\t\t<\/div>\n\t\t\t\t<\/div>\n\t\t\t\t\t<\/div>\n\t\t<\/div>\n\t\t\t\t\t<\/div>\n\t\t<\/section>\n\t\t\t\t<\/div>\n\t\t<\/div>","protected":false},"excerpt":{"rendered":"<p>[vc_row][vc_column][vc_row_inner][vc_column_inner][vc_column_text] \u00bfQu\u00e9 nos hace diferentes? Pikdame nace con una clara vocaci\u00f3n de ser un espacio donde disfrutar de la calma y la tranquilidad , un lugar donde desarrollar nuestros talentos y disfrutar de construir una relaci\u00f3n de amistad con los caballos. Una relaci\u00f3n donde respeto y conocimiento mutuo son las bases sobre las que construir. Un espacio f\u00edsico pero tambi\u00e9n [&hellip;] <a class=\"continue-reading h6 color-primary\" href=\"https:\/\/www.pikdame.io\/es\/\"><i class=\"fa fa-fw fa-angle-double-right \"><\/i>Continue Reading<\/a><\/p>\n","protected":false},"author":1,"featured_media":0,"parent":0,"menu_order":0,"comment_status":"closed","ping_status":"closed","template":"","meta":{"footnotes":""},"class_list":["post-4936","page","type-page","status-publish","hentry"],"_links":{"self":[{"href":"https:\/\/www.pikdame.io\/es\/wp-json\/wp\/v2\/pages\/4936","targetHints":{"allow":["GET"]}}],"collection":[{"href":"https:\/\/www.pikdame.io\/es\/wp-json\/wp\/v2\/pages"}],"about":[{"href":"https:\/\/www.pikdame.io\/es\/wp-json\/wp\/v2\/types\/page"}],"author":[{"embeddable":true,"href":"https:\/\/www.pikdame.io\/es\/wp-json\/wp\/v2\/users\/1"}],"replies":[{"embeddable":true,"href":"https:\/\/www.pikdame.io\/es\/wp-json\/wp\/v2\/comments?post=4936"}],"version-history":[{"count":8,"href":"https:\/\/www.pikdame.io\/es\/wp-json\/wp\/v2\/pages\/4936\/revisions"}],"predecessor-version":[{"id":6502,"href":"https:\/\/www.pikdame.io\/es\/wp-json\/wp\/v2\/pages\/4936\/revisions\/6502"}],"wp:attachment":[{"href":"https:\/\/www.pikdame.io\/es\/wp-json\/wp\/v2\/media?parent=4936"}],"curies":[{"name":"wp","href":"https:\/\/api.w.org\/{rel}","templated":true}]}}