{"id":3204,"date":"2018-07-24T16:02:46","date_gmt":"2018-07-24T16:02:46","guid":{"rendered":"http:\/\/www.pikdame.io\/?page_id=3204"},"modified":"2024-04-26T10:05:33","modified_gmt":"2024-04-26T08:05:33","slug":"equipo","status":"publish","type":"page","link":"https:\/\/www.pikdame.io\/es\/equipo\/","title":{"rendered":"Equipo"},"content":{"rendered":"<div class=\"wpb-content-wrapper\">[vc_row][vc_column width=\u00bb1\/2&#8243;][vc_single_image image=\u00bb3570&#8243; img_size=\u00bb800&#215;500&#8243; alignment=\u00bbright\u00bb style=\u00bbvc_box_outline\u00bb border_color=\u00bbmulled_wine\u00bb][\/vc_column][vc_column width=\u00bb1\/2&#8243;][vc_cta h2=\u00bbArnau Gom\u00e0 Font\u00bb h4=\u00bbDirecci\u00f3n t\u00e9cnica\u00bb]CEO de Pikdame&nbsp; , titulado por la British Horse Society y la Federaci\u00f3n Espa\u00f1ola de H\u00edpica. Mi pasi\u00f3n por los caballos me llev\u00f3 &nbsp;el a\u00f1o 2004 , una vez finalizada mi licenciatura en ADE por la Universidad Internacional de Catalunya a Inglaterra para formarme y aprender m\u00e1s sobre estos maravillosos animales.<\/p>\n<p>He trabajado en distintos centros h\u00edpicos como instructor y entrenador ,&nbsp; preparando jinetes y caballos para la competici\u00f3n. He ayudado a mis alumnos a conseguir medallas en Campeonatos de Espa\u00f1a de ponis en la disciplina de concurso completo de equitaci\u00f3n.<\/p>\n<p>Las ganas de aprender y mejorar mi relaci\u00f3n con los caballos me han llevado por toda Europa y me han permitido establecer contacto con grandes personas y profesionales, por este motivo estoy especialmente contento de contar con un equipo de colaboradores tan especiales&nbsp; y preparados&nbsp; como los que trabajan y forman parte de Pikdame.[\/vc_cta][\/vc_column][\/vc_row][vc_row][vc_column width=\u00bb1\/2&#8243;][vc_cta h2=\u00bbIris Ferr\u00e9\u00bb h4=\u00bbDirecci\u00f3n t\u00e9cnica\u00bb]Titulada por la \u201cBritish Horse Society\u201d (BHSIV). Terapeuta de deporte equ\u00edno , et\u00f3loga , coach , educadora equina, e instructora en mindfulness. He dedicado toda mi vida y carrera profesional &nbsp;a estudiar y aprender &nbsp;sobre estos incre\u00edbles animales que son los caballos.<\/p>\n<p>Los 10 a\u00f1os de formaci\u00f3n , entrenamiento &nbsp;y trabajo en el \u201cHousehold Calvary Mounted Regiment\u201d de Londres , m\u00e1s conocido como la Guardia Real de Inglaterra , constituyen la base de mi experiencia; todo mi conocimiento y aptitudes estaban enfocados a re-entrenar los caballos con problemas de comportamiento , a la rehabilitaci\u00f3n de los lesionados &nbsp;que &nbsp;lentamente volv\u00edan a ser reintroducidos al trabajo , adem\u00e1s de la instrucci\u00f3n y preparaci\u00f3n de los jinetes que integraban dicho regimiento.<\/p>\n<p>Mi pasi\u00f3n por los caballos y la energ\u00eda que nos aportan &nbsp;me ha llevado a trabajar por distintos puntos del planeta interactuando con gran diversidad de caballos e instruyendo jinetes en las distintas disciplinas , en pa\u00edses tan remotos como Sud\u00e1n o Dubai &nbsp;o geogr\u00e1ficamente m\u00e1s cercanos , como Alemania , Inglaterra o los Pa\u00edses Bajos.<\/p>\n<p>Me encanta compartir el conocimiento adquirido durante todos estos a\u00f1os con todo aquel que tenga el inter\u00e9s y la paciencia para aprender y mejorar , ya sea en \u00e1mbitos deportivos , de ocio , emocional o formativo.<\/p>\n<p>Podr\u00e9is encontrarme dando clases y entrenando mis caballos diariamente en Pikdame , o si quer\u00e9is saber m\u00e1s de mi y de lo que hago &nbsp;visitando www.symbiosis.cat[\/vc_cta][\/vc_column][vc_column width=\u00bb1\/2&#8243;][vc_single_image image=\u00bb3077&#8243; img_size=\u00bb800&#215;500&#8243; alignment=\u00bbright\u00bb style=\u00bbvc_box_outline\u00bb border_color=\u00bbmulled_wine\u00bb][\/vc_column][\/vc_row][vc_row][vc_column width=\u00bb1\/2&#8243;][vc_single_image image=\u00bb3072&#8243; img_size=\u00bb800&#215;500&#8243; alignment=\u00bbright\u00bb style=\u00bbvc_box_outline\u00bb border_color=\u00bbmulled_wine\u00bb][\/vc_column][vc_column width=\u00bb1\/2&#8243;][vc_cta h2=\u00bbJose da Silva\u00bb h4=\u00bbVeterinario\u00bb]Provengo de una familia de tradici\u00f3n ecuestre y soy licenciado en veterinaria por la Universidad Tras-os-Montes e Alto Douro en Portugal, realizando los dos \u00faltimos a\u00f1os en la Universidad Aut\u00f3noma de Barcelona.<\/p>\n<p>Mis \u00e1reas de inter\u00e9s y especialidad son el diagn\u00f3stico de cojeras , el tratamiento de patolog\u00edas del sistema musculo esquel\u00e9tico&nbsp; y las terapias regenerativas. Miembro de AVEE (Asociaci\u00f3n Veterinarios Especialistas en \u00c9quidos) y AVEEC (Asociaci\u00f3n Veterinarios Especialistas en \u00c9quidos de Catalunya) .<\/p>\n<p>Para m\u00e1s informaci\u00f3n o para conocer a mi equipo pod\u00e9is contactarme en: www.veterinariotarragona.com[\/vc_cta][\/vc_column][\/vc_row][vc_row][vc_column width=\u00bb1\/2&#8243;][vc_cta h2=\u00bbAlbert Vilasevil\u00bb h4=\u00bbVeterinario y pod\u00f3logo\u00bb]\n<p style=\"text-align: justify;\"><strong>Desde mi primer contacto con los caballos , cuando ten\u00eda 12 a\u00f1os , estos han formado parte indispensable de mi vida. Veterinario licenciado especializado en podolog\u00eda y barefoot. Me enorgullece haber sido el primer espa\u00f1ol en obtener las cualificaciones internacionales de los certificados en podolog\u00eda equina por la IAEP (Institute of Applied Equine Podiatry) y la AANHCP (Association for the Advancement of Natural Horse Care Practices). <\/strong><\/p>\n<p style=\"text-align: justify;\"><strong>En el a\u00f1o 2012 entr\u00e9 a formar parte del claustro de profesores de la organizaci\u00f3n Liberated Horsemanship y por supuesto contin\u00fao mi formaci\u00f3n.<\/strong><\/p>\n<p style=\"text-align: justify;\"><strong>Si&nbsp; dese\u00e1is m\u00e1s informaci\u00f3n a contactar conmigo personalmente : <\/strong><strong><u><a style=\"color: #000000;\" href=\"https:\/\/www.podologia-equina.com\">www.podologia-equina.com<\/a><\/u><\/strong><strong> &nbsp;&nbsp;<\/strong><\/p>\n[\/vc_cta][\/vc_column][vc_column width=\u00bb1\/2&#8243;][vc_single_image image=\u00bb3069&#8243; img_size=\u00bb800&#215;500&#8243; alignment=\u00bbright\u00bb style=\u00bbvc_box_outline\u00bb border_color=\u00bbmulled_wine\u00bb css=\u00bb.vc_custom_1530634724340{margin-top: 30px !important;}\u00bb][\/vc_column][\/vc_row][vc_row][vc_column width=\u00bb1\/2&#8243;][vc_single_image image=\u00bb3079&#8243; img_size=\u00bb450&#215;800&#8243; alignment=\u00bbcenter\u00bb style=\u00bbvc_box_outline\u00bb border_color=\u00bbblack\u00bb][\/vc_column][vc_column width=\u00bb1\/2&#8243;][vc_cta h2=\u00bbMatthew Moister\u00bb h4=\u00bbDentista equino\u00bb]Formado en Gran Breta\u00f1a, Mat es nuestro dentista equino. Se desplaza un par de veces al a\u00f1o para revisar los dientes de los caballos de nuestro centro.<\/p>\n<p>Siempre he estado rodeado y en compa\u00f1\u00eda de caballos, mi vida siempre se ha centrado en ellos , estuve 10 a\u00f1os como instructor militar en el Kings Troop Royal Horse Artillery , cualificado por la BHS , compitiendo a nivel nacional.<\/p>\n<p>Me apasiona seguir aprendiendo y estudiando , es por este motivo que asisto de manera regular a seminarios y cursos para ampliar mis conocimientos. Estoy acostumbrado a trabajar con caballos de todas los tama\u00f1os , ya sean peque\u00f1os ponis Shetland , caballos de tiro , purasangres o Clydesdales. Mi actitud paciente y mis a\u00f1os de experiencia trabajando con caballos &nbsp;como instructor , jinete y dentista hace que la mayor\u00eda de mis pacientes est\u00e9n dispuestos a colaborar sin ning\u00fan tipo de problema.[\/vc_cta][\/vc_column][\/vc_row][vc_row][vc_column width=\u00bb1\/2&#8243;][vc_cta h2=\u00bbNancy Schroding\u00bb h2_use_theme_fonts=\u00bbyes\u00bb h4=\u00bbETT terapeuta\u00bb use_custom_fonts_h2=\u00bbtrue\u00bb]\u201cHe estado involucrado con caballos toda mi vida, un viaje &nbsp;me llev\u00f3 a la Academia BSET donde ampli\u00e9 mi educaci\u00f3n en nutrici\u00f3n equina, herrajes, problemas de salud generales, equitaci\u00f3n correctiva y rehabilitaci\u00f3n, completando EQASA 1,2 y 3 (Calificaciones Ecuestres Autoridad del Sur de \u00c1frica, reconocida por el est\u00e1ndar de calificaci\u00f3n FEI) que cubre el manejo y cuidado de caballos, establos, pastos y equipos y lo m\u00e1s importante, el concepto y la pr\u00e1ctica de la terapia ETT \u00ab.<\/p>\n<p>La ETT es una t\u00e9cnica completa para la evaluaci\u00f3n y mejora de la incorrecci\u00f3n musculoesquel\u00e9tica en el equino. El profesional de ETT es capaz de identificar el movimiento muscular debilitante con un electrodo m\u00f3vil de mano para mejorar el movimiento muscular y al hacerlo aliviar la incomodidad y mejorar la eficiencia muscular. ETT adopta un enfoque de sentido com\u00fan para abordar por completo cualquier cuesti\u00f3n de rendimiento, ayudar en el mantenimiento del atleta equino y cuando se produce una lesi\u00f3n mejora enormemente las condiciones para la curaci\u00f3n y una recuperaci\u00f3n completa. M\u00e1s informaci\u00f3n en www.ettnancy.com[\/vc_cta][\/vc_column][vc_column width=\u00bb1\/2&#8243;][vc_single_image image=\u00bb4336&#8243; img_size=\u00bb450&#215;800&#8243; alignment=\u00bbcenter\u00bb style=\u00bbvc_box_outline\u00bb border_color=\u00bbblack\u00bb][\/vc_column][\/vc_row][vc_row][vc_column width=\u00bb1\/2&#8243;][vc_single_image image=\u00bb4843&#8243; img_size=\u00bb450&#215;800&#8243; alignment=\u00bbcenter\u00bb style=\u00bbvc_box_outline\u00bb border_color=\u00bbblack\u00bb][\/vc_column][vc_column width=\u00bb1\/2&#8243;][vc_cta h2=\u00bbAdria Espada\u00bb h4=\u00bbPod\u00f3logo\u00bb]Des del a\u00f1o 2003 me dedico a cuidar y rehabilitar los cascos equinos. Formado en el Hospitalet de LLobregat y con una carrera profesional solo des del a\u00f1o 2006.<\/p>\n<p>Durante estos 20 a\u00f1os he tenido la suerte de estar rodeado de muchos profesionales dentro del mundo de la podolog\u00eda equina. Adem\u00e1s de formarme continuamente asistiendo a cursos y conferencias a nivel europeo.<\/p>\n<p>Trabajo con todo tipo de enfermedades podales y en los recientes 10 a\u00f1os me he dedicado much\u00edsimo al mundo Barefoot, cuando puedo o sino utilizo m\u00e9todos menos agresivos para el casco equino como podr\u00edan ser la botas pegadas, Duplo, Epona o Glue. Siempre estoy a la b\u00fasqueda de c\u00f3mo mejorar c\u00f3mo herrador y c\u00f3mo ayudar al m\u00e1ximo a los caballos.[\/vc_cta][\/vc_column][\/vc_row]\n<\/div>","protected":false},"excerpt":{"rendered":"<p>[vc_row][vc_column width=\u00bb1\/2&#8243;][vc_single_image image=\u00bb3570&#8243; img_size=\u00bb800&#215;500&#8243; alignment=\u00bbright\u00bb style=\u00bbvc_box_outline\u00bb border_color=\u00bbmulled_wine\u00bb][\/vc_column][vc_column width=\u00bb1\/2&#8243;][vc_cta h2=\u00bbArnau Gom\u00e0 Font\u00bb h4=\u00bbDirecci\u00f3n t\u00e9cnica\u00bb]CEO de Pikdame&nbsp; , titulado por la British Horse Society y la Federaci\u00f3n Espa\u00f1ola de H\u00edpica. Mi pasi\u00f3n por los caballos me llev\u00f3 &nbsp;el a\u00f1o 2004 , una vez finalizada mi licenciatura en ADE por la Universidad Internacional de Catalunya a Inglaterra para formarme y aprender m\u00e1s sobre [&hellip;] <a class=\"continue-reading h6 color-primary\" href=\"https:\/\/www.pikdame.io\/es\/equipo\/\"><i class=\"fa fa-fw fa-angle-double-right \"><\/i>Continue Reading<\/a><\/p>\n","protected":false},"author":1,"featured_media":0,"parent":0,"menu_order":0,"comment_status":"closed","ping_status":"closed","template":"","meta":{"footnotes":""},"class_list":["post-3204","page","type-page","status-publish","hentry"],"_links":{"self":[{"href":"https:\/\/www.pikdame.io\/es\/wp-json\/wp\/v2\/pages\/3204","targetHints":{"allow":["GET"]}}],"collection":[{"href":"https:\/\/www.pikdame.io\/es\/wp-json\/wp\/v2\/pages"}],"about":[{"href":"https:\/\/www.pikdame.io\/es\/wp-json\/wp\/v2\/types\/page"}],"author":[{"embeddable":true,"href":"https:\/\/www.pikdame.io\/es\/wp-json\/wp\/v2\/users\/1"}],"replies":[{"embeddable":true,"href":"https:\/\/www.pikdame.io\/es\/wp-json\/wp\/v2\/comments?post=3204"}],"version-history":[{"count":7,"href":"https:\/\/www.pikdame.io\/es\/wp-json\/wp\/v2\/pages\/3204\/revisions"}],"predecessor-version":[{"id":6495,"href":"https:\/\/www.pikdame.io\/es\/wp-json\/wp\/v2\/pages\/3204\/revisions\/6495"}],"wp:attachment":[{"href":"https:\/\/www.pikdame.io\/es\/wp-json\/wp\/v2\/media?parent=3204"}],"curies":[{"name":"wp","href":"https:\/\/api.w.org\/{rel}","templated":true}]}}